{"id":74,"date":"2023-03-29T03:52:54","date_gmt":"2023-03-29T01:52:54","guid":{"rendered":"http:\/\/panel.oshpik.pl\/?page_id=74"},"modified":"2023-04-06T14:01:44","modified_gmt":"2023-04-06T12:01:44","slug":"wniosek-o-wydanie-rodowodu","status":"publish","type":"page","link":"https:\/\/panel.oshpik.pl\/?page_id=74","title":{"rendered":"WNIOSEK O WYDANIE RODOWODU"},"content":{"rendered":"\n<p>WNIOSEK O WYDANIE RODOWODU<br><strong>Przed z\u0142o\u017ceniem wniosku o wydanie rodowodu<\/strong> nale\u017cy wype\u0142ni\u0107 <a href=\"https:\/\/panel.oshpik.pl\/?page_id=132\">kart\u0119 krycia\/miotu<\/a><\/p>\n\n\n<form id=\"forminator-module-63\" class=\"forminator-custom-form forminator-custom-form-63\" method=\"post\" data-forminator-render=\"0\" data-uid=\"69e4c1f319ced\"><div role=\"alert\" aria-live=\"polite\" class=\"forminator-response-message forminator-error\" aria-hidden=\"true\"><\/div><\/form>\n\n\n<a class=\"guten-button guten-button-success guten-button-sm\" href=\"http:\/\/www.panel.oshpik.pl\"><span>PRZEJD\u0179 NA STRON\u0118 G\u0141\u00d3WN\u0104 E-WNIOSK\u00d3W<\/span><\/a>","protected":false},"excerpt":{"rendered":"<p>WNIOSEK O WYDANIE RODOWODUPrzed z\u0142o\u017ceniem wniosku o wydanie rodowodu nale\u017cy wype\u0142ni\u0107 kart\u0119 krycia\/miotu<\/p>\n","protected":false},"author":2,"featured_media":0,"parent":0,"menu_order":0,"comment_status":"closed","ping_status":"closed","template":"","meta":{"footnotes":""},"class_list":["post-74","page","type-page","status-publish","hentry"],"_links":{"self":[{"href":"https:\/\/panel.oshpik.pl\/index.php?rest_route=\/wp\/v2\/pages\/74","targetHints":{"allow":["GET"]}}],"collection":[{"href":"https:\/\/panel.oshpik.pl\/index.php?rest_route=\/wp\/v2\/pages"}],"about":[{"href":"https:\/\/panel.oshpik.pl\/index.php?rest_route=\/wp\/v2\/types\/page"}],"author":[{"embeddable":true,"href":"https:\/\/panel.oshpik.pl\/index.php?rest_route=\/wp\/v2\/users\/2"}],"replies":[{"embeddable":true,"href":"https:\/\/panel.oshpik.pl\/index.php?rest_route=%2Fwp%2Fv2%2Fcomments&post=74"}],"version-history":[{"count":2,"href":"https:\/\/panel.oshpik.pl\/index.php?rest_route=\/wp\/v2\/pages\/74\/revisions"}],"predecessor-version":[{"id":138,"href":"https:\/\/panel.oshpik.pl\/index.php?rest_route=\/wp\/v2\/pages\/74\/revisions\/138"}],"wp:attachment":[{"href":"https:\/\/panel.oshpik.pl\/index.php?rest_route=%2Fwp%2Fv2%2Fmedia&parent=74"}],"curies":[{"name":"wp","href":"https:\/\/api.w.org\/{rel}","templated":true}]}}